    {"id":176,"date":"2026-03-04T20:28:33","date_gmt":"2026-03-04T20:28:33","guid":{"rendered":"https:\/\/wibortrail.com\/?page_id=176"},"modified":"2026-03-09T18:03:11","modified_gmt":"2026-03-09T18:03:11","slug":"privacy-policy","status":"publish","type":"page","link":"https:\/\/wibortrail.com\/it\/privacy-policy\/","title":{"rendered":"politica sulla riservatezza"},"content":{"rendered":"<p>La tua privacy \u00e8 importante per noi. \u00c8\u00a0<strong>wibortrail&#039;s<\/strong>\u00a0La nostra politica si impegna a rispettare la tua privacy in relazione a qualsiasi informazione che potremmo raccogliere da te attraverso il nostro sito web, Wibortrail, e altri siti di nostra propriet\u00e0 e gestiti da noi.<\/p>\n\n\n\n<p>Richiediamo informazioni personali solo quando sono effettivamente necessarie per fornirti un servizio. Le raccogliamo in modo lecito e trasparente, con la tua conoscenza e il tuo consenso. Ti informiamo inoltre sul motivo della raccolta e su come verranno utilizzate.<\/p>\n\n\n\n<p>Conserviamo le informazioni raccolte solo per il tempo necessario a fornirti il servizio richiesto. Proteggiamo i dati che memorizziamo con mezzi commercialmente accettabili per prevenire perdite e furti, nonch\u00e9 accessi, divulgazioni, copie, utilizzi o modifiche non autorizzati.<\/p>\n\n\n\n<p>Non condividiamo alcuna informazione personale identificativa pubblicamente o con terze parti, salvo nei casi previsti dalla legge.<\/p>\n\n\n\n<p>Il nostro sito web potrebbe contenere link a siti esterni non gestiti da noi. Si prega di notare che non abbiamo alcun controllo sul contenuto e sulle pratiche di questi siti e non possiamo accettare alcuna responsabilit\u00e0 per le rispettive politiche sulla privacy.<\/p>\n\n\n\n<p>Sei libero di rifiutare la nostra richiesta di informazioni personali, tenendo presente che potremmo non essere in grado di fornirti alcuni dei servizi desiderati.<\/p>\n\n\n\n<p>Continuando a utilizzare il nostro sito web, accetterete le nostre pratiche in materia di privacy e dati personali. Per qualsiasi domanda sul trattamento dei dati degli utenti e delle informazioni personali, non esitate a contattarci.<\/p>\n\n\n\n<h2 class=\"wp-block-heading\"><strong>Informativa sui cookie<\/strong>&nbsp;per&nbsp;<strong>sentiero di Wibor<\/strong><\/h2>\n\n\n\n<p>Cosa sono i biscotti?<\/p>\n\n\n\n<p>Come \u00e8 prassi comune per quasi tutti i siti web professionali, questo sito utilizza i cookie, ovvero piccoli file che vengono scaricati sul tuo computer, per migliorare la tua esperienza di navigazione. Questa pagina descrive quali informazioni vengono raccolte, come le utilizziamo e perch\u00e9 a volte \u00e8 necessario memorizzare questi cookie. Spiegheremo anche come puoi impedire la memorizzazione dei cookie, tenendo presente che ci\u00f2 potrebbe compromettere o disabilitare alcune funzionalit\u00e0 del sito.<\/p>\n\n\n\n<h3 class=\"wp-block-heading\">Come utilizziamo i cookie<\/h3>\n\n\n\n<p>Utilizziamo i cookie per diverse ragioni, descritte di seguito. Purtroppo, nella maggior parte dei casi non esistono opzioni standard per disabilitare i cookie senza compromettere completamente le funzionalit\u00e0 e le caratteristiche che essi aggiungono a questo sito. Si consiglia di lasciare attivi tutti i cookie se non si \u00e8 certi della loro utilit\u00e0, nel caso in cui vengano utilizzati per fornire un servizio di cui si usufruisce.<\/p>\n\n\n\n<h3 class=\"wp-block-heading\">Disabilitazione dei cookie<\/h3>\n\n\n\n<p>\u00c8 possibile impedire l&#039;installazione dei cookie modificando le impostazioni del browser (consultare la guida del browser per maggiori informazioni). Si tenga presente che la disabilitazione dei cookie influir\u00e0 sul funzionamento di questo e di molti altri siti web visitati. La disabilitazione dei cookie comporter\u00e0 solitamente anche la disabilitazione di alcune funzionalit\u00e0 e caratteristiche di questo sito. Pertanto, si consiglia di non disabilitare i cookie.<\/p>\n\n\n\n<h3 class=\"wp-block-heading\">I cookie che impostiamo<\/h3>\n\n\n\n<ul>\n<li>Cookie relativi all&#039;account<br>Se crei un account con noi, utilizzeremo i cookie per la gestione del processo di registrazione e per l&#039;amministrazione generale. Questi cookie vengono solitamente eliminati al momento del logout, tuttavia in alcuni casi potrebbero rimanere attivi anche successivamente per ricordare le tue preferenze sul sito quando non sei connesso.<\/li>\n\n\n\n<li>Cookie relativi all&#039;accesso<br>Utilizziamo i cookie quando effettui l&#039;accesso per memorizzare questa informazione. Ci\u00f2 ti evita di dover effettuare il login ogni volta che visiti una nuova pagina. Questi cookie vengono generalmente rimossi o cancellati quando effettui il logout, per garantire che tu possa accedere alle funzionalit\u00e0 e alle aree riservate solo quando hai effettuato l&#039;accesso.<\/li>\n\n\n\n<li>Cookie relativi alle newsletter via e-mail<br><br>Questo sito offre servizi di newsletter o di iscrizione via e-mail e potrebbero essere utilizzati cookie per ricordare se sei gi\u00e0 registrato e per mostrare determinate notifiche che potrebbero essere valide solo per gli utenti iscritti\/non iscritti.<\/li>\n\n\n\n<li>cookie relativi all&#039;elaborazione degli ordini<br>Questo sito offre servizi di e-commerce o di pagamento e alcuni cookie sono essenziali per garantire che il tuo ordine venga memorizzato tra le diverse pagine, in modo da poterlo elaborare correttamente.<\/li>\n\n\n\n<li>Cookie relativi ai sondaggi<br>Di tanto in tanto proponiamo sondaggi e questionari agli utenti per fornirvi spunti interessanti, strumenti utili o per comprendere meglio la nostra base di utenti. Questi sondaggi potrebbero utilizzare i cookie per ricordare chi ha gi\u00e0 partecipato a un sondaggio o per fornirvi risultati accurati anche dopo aver cambiato pagina.<\/li>\n\n\n\n<li>Cookie relativi ai moduli<br>Quando invii dati tramite un modulo, come quelli presenti nelle pagine di contatto o nei moduli per i commenti, potrebbero essere impostati dei cookie per memorizzare i tuoi dati utente per future comunicazioni.<\/li>\n\n\n\n<li>Cookie relativi alle preferenze del sito<br>Per offrirti un&#039;esperienza ottimale su questo sito, ti diamo la possibilit\u00e0 di impostare le tue preferenze relative al funzionamento del sito stesso. Per memorizzare le tue preferenze, utilizziamo i cookie, in modo che queste informazioni possano essere richiamate ogni volta che interagisci con una pagina influenzata dalle tue preferenze.<\/li>\n<\/ul>\n\n\n\n<h3 class=\"wp-block-heading\">Cookie di terze parti<\/h3>\n\n\n\n<p>In alcuni casi particolari utilizziamo anche cookie forniti da terze parti fidate. La sezione seguente descrive in dettaglio quali cookie di terze parti potresti incontrare su questo sito.<\/p>\n\n\n\n<ul>\n<li>Questo sito utilizza Google Analytics, una delle soluzioni di analisi web pi\u00f9 diffuse e affidabili, che ci aiuta a capire come utilizzi il sito e come possiamo migliorare la tua esperienza. Questi cookie possono tracciare informazioni come il tempo trascorso sul sito e le pagine visitate, consentendoci di continuare a produrre contenuti interessanti. Per ulteriori informazioni sui cookie di Google Analytics, consulta la pagina ufficiale di Google Analytics.<\/li>\n\n\n\n<li>Utilizziamo strumenti di analisi di terze parti per tracciare e misurare l&#039;utilizzo di questo sito, in modo da poter continuare a produrre contenuti interessanti. Questi cookie possono tracciare informazioni come il tempo trascorso sul sito o le pagine visitate, aiutandoci a capire come migliorare il sito per te.<\/li>\n\n\n\n<li>Di tanto in tanto testiamo nuove funzionalit\u00e0 e apportiamo piccole modifiche al funzionamento del sito. Durante la fase di test, questi cookie possono essere utilizzati per garantire un&#039;esperienza utente coerente sul sito e per capire quali ottimizzazioni sono maggiormente apprezzate dai nostri utenti.<\/li>\n\n\n\n<li>Poich\u00e9 vendiamo prodotti, \u00e8 importante per noi comprendere le statistiche relative al numero di visitatori del nostro sito che effettuano un acquisto. Pertanto, questi cookie tracciano proprio questo tipo di dati. Questo \u00e8 importante anche per te, perch\u00e9 ci permette di fare previsioni commerciali accurate, monitorare i costi di pubblicit\u00e0 e dei prodotti e garantire il miglior prezzo possibile.<\/li>\n\n\n\n<li>Su questo sito utilizziamo anche pulsanti e\/o plugin di social media che ti consentono di connetterti con il tuo social network in vari modi. Affinch\u00e9 questi funzionino, i seguenti siti di social media, tra cui:, imposteranno dei cookie tramite il nostro sito, che potrebbero essere utilizzati per migliorare il tuo profilo sul loro sito o contribuire ai dati che detengono per vari scopi descritti nelle rispettive informative sulla privacy.<\/li>\n<\/ul>\n\n\n\n<h3 class=\"wp-block-heading\">Pubblicit\u00e0 (Google AdSense) e le tue scelte<\/h3>\n\n\n\n<p>Questo sito utilizza Google AdSense per visualizzare annunci pubblicitari. Google e i suoi partner potrebbero utilizzare cookie o altre tecnologie per fornire, misurare e personalizzare annunci in base alle tue visite a questo e altri siti web.<\/p>\n\n\n\n<p>Per scoprire come Google utilizza i dati provenienti da siti e app che utilizzano i suoi servizi, visita:<br><a href=\"https:\/\/policies.google.com\/technologies\/partner-sites\">https:\/\/policies.google.com\/technologies\/partner-sites<\/a><\/p>\n\n\n\n<p><strong>Disattiva gli annunci personalizzati:<\/strong><br>Puoi disattivare la pubblicit\u00e0 personalizzata di Google visitando il tuo&nbsp;<strong><a href=\"https:\/\/adssettings.google.com\/\">Impostazioni annunci (Centro annunci)<\/a><\/strong>.<br>In alternativa, puoi disattivare la pubblicit\u00e0 basata sugli interessi da molti altri fornitori di annunci visitando&nbsp;<strong><a href=\"https:\/\/www.aboutads.info\/choices\/\">AboutAds.info\/choices<\/a><\/strong>.<\/p>\n\n\n\n<p>Nota: anche se scegli di non ricevere annunci pubblicitari, continuerai a vederli, ma potrebbero essere meno pertinenti ai tuoi interessi.<\/p>\n\n\n\n<h2 class=\"wp-block-heading\">Ulteriori informazioni<\/h2>\n\n\n\n<p>Spero che questo abbia chiarito le cose e, come gi\u00e0 accennato, se non siete sicuri di aver bisogno o meno dei cookie, di solito \u00e8 pi\u00f9 sicuro lasciarli abilitati, nel caso in cui interagiscano con una delle funzionalit\u00e0 che utilizzate sul nostro sito.<\/p>\n\n\n\n<p>La presente politica \u00e8 in vigore a partire da&nbsp;<strong>Mar<\/strong>&nbsp;<strong>2026<\/strong>.<\/p>","protected":false},"excerpt":{"rendered":"<p>Your privacy is important to us. It is\u00a0wibortrail&#8217;s\u00a0policy to respect your privacy regarding any information we may collect from you across our website,\u00a0wibortrail, and other sites we own and operate. We only ask for personal information when we truly need it to provide a service to you. We collect it by fair and lawful means, [&hellip;]<\/p>","protected":false},"author":50,"featured_media":0,"parent":0,"menu_order":0,"comment_status":"closed","ping_status":"closed","template":"","meta":{"footnotes":""},"_links":{"self":[{"href":"https:\/\/wibortrail.com\/it\/wp-json\/wp\/v2\/pages\/176"}],"collection":[{"href":"https:\/\/wibortrail.com\/it\/wp-json\/wp\/v2\/pages"}],"about":[{"href":"https:\/\/wibortrail.com\/it\/wp-json\/wp\/v2\/types\/page"}],"author":[{"embeddable":true,"href":"https:\/\/wibortrail.com\/it\/wp-json\/wp\/v2\/users\/50"}],"replies":[{"embeddable":true,"href":"https:\/\/wibortrail.com\/it\/wp-json\/wp\/v2\/comments?post=176"}],"version-history":[{"count":2,"href":"https:\/\/wibortrail.com\/it\/wp-json\/wp\/v2\/pages\/176\/revisions"}],"predecessor-version":[{"id":379,"href":"https:\/\/wibortrail.com\/it\/wp-json\/wp\/v2\/pages\/176\/revisions\/379"}],"wp:attachment":[{"href":"https:\/\/wibortrail.com\/it\/wp-json\/wp\/v2\/media?parent=176"}],"curies":[{"name":"wp","href":"https:\/\/api.w.org\/{rel}","templated":true}]}}