    {"id":166,"date":"2026-03-04T20:27:27","date_gmt":"2026-03-04T20:27:27","guid":{"rendered":"https:\/\/wibortrail.com\/?page_id=166"},"modified":"2026-03-04T20:27:27","modified_gmt":"2026-03-04T20:27:27","slug":"terms-of-use","status":"publish","type":"page","link":"https:\/\/wibortrail.com\/it\/terms-of-use\/","title":{"rendered":"Termini di utilizzo"},"content":{"rendered":"<p>Ultimo aggiornamento: marzo 2026<\/p>\n\n\n\n<p>WiborTrail opera come piattaforma editoriale digitale indipendente dedicata allo sviluppo professionale, alla comprensione del mondo del lavoro e a contenuti orientati alla carriera. Accedendo o utilizzando questo sito web, l&#039;utente accetta di rispettare i termini, le condizioni e le politiche descritte di seguito.<\/p>\n\n\n\n<p>Le presenti Condizioni d&#039;uso definiscono i diritti e le responsabilit\u00e0 degli utenti che interagiscono con la piattaforma WiborTrail. L&#039;utilizzo del sito web \u00e8 inoltre soggetto alla nostra Informativa sulla privacy.<\/p>\n\n\n\n<p>LEGGERE ATTENTAMENTE QUESTI TERMINI. SE NON SI ACCETTANO, NON UTILIZZARE WIBORTRAIL O ALCUNO DEI SUOI SERVIZI.<\/p>\n\n\n\n<hr class=\"wp-block-separator has-alpha-channel-opacity\" \/>\n\n\n\n<h2 class=\"wp-block-heading\">Articolo I \u2013 Accordo con l&#039;utente<\/h2>\n\n\n\n<p>1.1 Utilizzando WiborTrail, confermi di accettare integralmente le presenti Condizioni d&#039;uso e la nostra Informativa sulla privacy.<br>1.2 Devi avere almeno 18 anni o possedere la capacit\u00e0 giuridica nella tua giurisdizione per utilizzare questa piattaforma.<br>1.3 Se non soddisfi queste condizioni o non accetti una qualsiasi parte dei presenti termini, non potrai accedere ai nostri servizi n\u00e9 utilizzarli.<\/p>\n\n\n\n<hr class=\"wp-block-separator has-alpha-channel-opacity\" \/>\n\n\n\n<h2 class=\"wp-block-heading\">Articolo II \u2013 Comunicazione<\/h2>\n\n\n\n<p>2.1 WiborTrail fornisce canali di comunicazione che consentono agli utenti di porre domande, condividere suggerimenti o segnalare problemi tecnici.<br>2.2 Puoi contattarci tramite la nostra pagina Contatti o attraverso gli indirizzi email ivi indicati.<\/p>\n\n\n\n<hr class=\"wp-block-separator has-alpha-channel-opacity\" \/>\n\n\n\n<h2 class=\"wp-block-heading\">Articolo III \u2013 Responsabilit\u00e0 delle Parti<\/h2>\n\n\n\n<p>3.1 Gli utenti devono rispettare le presenti Condizioni d&#039;uso e l&#039;Informativa sulla privacy quando accedono o interagiscono con i contenuti e i servizi di WiborTrail.<br>3.2 WiborTrail pu\u00f2 contenere link a siti web di terzi a scopo informativo o di riferimento. Questi link sono forniti esclusivamente per comodit\u00e0.<br>3.3 Una volta reindirizzati, sarete soggetti ai termini e alle politiche del sito di terze parti. WiborTrail non \u00e8 responsabile dell&#039;accuratezza, dell&#039;affidabilit\u00e0 o delle pratiche dei siti web esterni.<br>3.4 Gli utenti sono gli unici responsabili del mantenimento della sicurezza della propria connessione Internet, dei dispositivi e delle credenziali di accesso durante l&#039;utilizzo di WiborTrail.<br>3.5 WiborTrail non \u00e8 responsabile per danni causati da guasti tecnici, accessi non autorizzati o uso improprio della piattaforma al di fuori del nostro controllo.<br>3.6 Non richiederemo mai bonifici bancari, dati riservati o informazioni personali sensibili tramite canali non ufficiali.<br>3.7 Qualsiasi messaggio o attivit\u00e0 sospetta che affermi di rappresentare WiborTrail deve essere segnalata immediatamente tramite la nostra pagina Contatti.<\/p>\n\n\n\n<hr class=\"wp-block-separator has-alpha-channel-opacity\" \/>\n\n\n\n<h2 class=\"wp-block-heading\">Articolo IV \u2013 Condotta proibita<\/h2>\n\n\n\n<p>Agli utenti \u00e8 severamente vietato:<\/p>\n\n\n\n<p>Svolgere attivit\u00e0 illegali, fraudolente o dannose;<br>Violazione dei diritti di propriet\u00e0 intellettuale o della privacy;<br>Caricare o distribuire malware, virus o codice dannoso;<br>Impersonare individui o organizzazioni;<br>Raccolta dei dati degli utenti senza consenso;<br>Condividere contenuti fuorvianti, diffamatori o non autorizzati;<br>Molestare, minacciare o diffamare altri utenti;<br>Tentativo di violare, interrompere o sovraccaricare i sistemi della piattaforma.<\/p>\n\n\n\n<p>Le violazioni possono comportare la sospensione o la cessazione definitiva dell&#039;accesso a WiborTrail senza preavviso.<\/p>\n\n\n\n<hr class=\"wp-block-separator has-alpha-channel-opacity\" \/>\n\n\n\n<h2 class=\"wp-block-heading\">Articolo V \u2013 Limitazione di responsabilit\u00e0 e garanzie<\/h2>\n\n\n\n<p>WiborTrail fornisce i suoi contenuti e servizi &quot;cos\u00ec come sono&quot; e &quot;secondo disponibilit\u00e0&quot;, senza garanzie esplicite o implicite.<\/p>\n\n\n\n<p>Non garantiamo l&#039;accesso ininterrotto, il funzionamento privo di errori o che le informazioni fornite siano sempre aggiornate o adatte alle esigenze di ogni utente.<\/p>\n\n\n\n<p>Nella misura massima consentita dalla legge, WiborTrail declina ogni responsabilit\u00e0 per eventuali danni diretti, indiretti, incidentali o consequenziali derivanti dall&#039;utilizzo o dall&#039;impossibilit\u00e0 di utilizzare il sito web o i suoi contenuti.<\/p>\n\n\n\n<hr class=\"wp-block-separator has-alpha-channel-opacity\" \/>\n\n\n\n<h2 class=\"wp-block-heading\">Articolo VI \u2013 Termine e tempistica legale<\/h2>\n\n\n\n<p>Le presenti Condizioni d&#039;uso restano valide a tempo indeterminato.<\/p>\n\n\n\n<p>Qualsiasi reclamo o controversia legale relativa alla piattaforma deve essere avviata entro 90 (novanta) giorni dall&#039;evento che ha dato origine al reclamo.<\/p>\n\n\n\n<hr class=\"wp-block-separator has-alpha-channel-opacity\" \/>\n\n\n\n<h2 class=\"wp-block-heading\">Articolo VII \u2013 Legge applicabile e giurisdizione<\/h2>\n\n\n\n<p>Le presenti Condizioni d&#039;uso sono regolate e interpretate in conformit\u00e0 alle leggi della Repubblica di Estonia.<\/p>\n\n\n\n<p>Qualsiasi controversia, disputa o reclamo derivante da o relativo alle presenti Condizioni o all&#039;utilizzo di questo sito web sar\u00e0 risolto sotto la giurisdizione esclusiva dei tribunali situati a Tallinn, Estonia.<\/p>\n\n\n\n<p>Questa clausola garantisce la trasparenza giuridica e la conformit\u00e0 con la legge estone sulle obbligazioni e con la legge sul diritto internazionale privato.<\/p>\n\n\n\n<hr class=\"wp-block-separator has-alpha-channel-opacity\" \/>\n\n\n\n<h2 class=\"wp-block-heading\">Articolo VIII \u2013 Propriet\u00e0 intellettuale<\/h2>\n\n\n\n<p>8.1 Tutti i contenuti di WiborTrail, inclusi articoli, grafica, testo, design e marchio, sono protetti dalle leggi sulla propriet\u00e0 intellettuale.<br>8.2 Non \u00e8 consentito copiare, riprodurre, ripubblicare o distribuire alcuna parte del contenuto di questo sito web senza la previa autorizzazione scritta di WiborTrail.<br>8.3 I materiali inviati dagli utenti rimangono di esclusiva responsabilit\u00e0 del collaboratore. WiborTrail si riserva il diritto di rimuovere qualsiasi contenuto che violi norme legali, etiche o della comunit\u00e0.<\/p>\n\n\n\n<hr class=\"wp-block-separator has-alpha-channel-opacity\" \/>\n\n\n\n<h2 class=\"wp-block-heading\">Articolo IX \u2013 Modifiche ai Termini<\/h2>\n\n\n\n<p>WiborTrail si riserva il diritto di aggiornare, modificare o interrompere qualsiasi parte dei presenti Termini o dei servizi in qualsiasi momento, senza preavviso.<\/p>\n\n\n\n<p>\u00c8 vostra responsabilit\u00e0 consultare periodicamente questa pagina. L&#039;utilizzo continuato del sito web implica l&#039;accettazione di eventuali termini aggiornati o modificati.<\/p>\n\n\n\n<hr class=\"wp-block-separator has-alpha-channel-opacity\" \/>\n\n\n\n<h2 class=\"wp-block-heading\">Articolo X \u2013 Contatto<\/h2>\n\n\n\n<p>Per domande, commenti o dubbi relativi alle presenti Condizioni d&#039;uso, vi preghiamo di contattarci tramite:<\/p>\n\n\n\n<p>Sito web: <a>https:\/\/wibortrail.com\/contact<\/a><br>E-mail: <a>contact@wibortrail.com<\/a><\/p>\n\n\n\n<hr class=\"wp-block-separator has-alpha-channel-opacity\" \/>\n\n\n\n<p>SE NON ACCETTATE QUESTI TERMINI, VI PREGHIAMO DI ASTENERVI DALL&#039;UTILIZZARE WIBORTRAIL E I SUOI SERVIZI.<\/p>","protected":false},"excerpt":{"rendered":"<p>Last updated: March, 2026 WiborTrail operates as an independent digital publishing platform dedicated to professional development, workplace insights, and career-oriented content. By accessing or using this website, you agree to abide by the terms, conditions, and policies outlined below. These Terms of Use define the rights and responsibilities of users interacting with the WiborTrail platform. [&hellip;]<\/p>","protected":false},"author":50,"featured_media":0,"parent":0,"menu_order":0,"comment_status":"closed","ping_status":"closed","template":"","meta":{"footnotes":""},"_links":{"self":[{"href":"https:\/\/wibortrail.com\/it\/wp-json\/wp\/v2\/pages\/166"}],"collection":[{"href":"https:\/\/wibortrail.com\/it\/wp-json\/wp\/v2\/pages"}],"about":[{"href":"https:\/\/wibortrail.com\/it\/wp-json\/wp\/v2\/types\/page"}],"author":[{"embeddable":true,"href":"https:\/\/wibortrail.com\/it\/wp-json\/wp\/v2\/users\/50"}],"replies":[{"embeddable":true,"href":"https:\/\/wibortrail.com\/it\/wp-json\/wp\/v2\/comments?post=166"}],"version-history":[{"count":1,"href":"https:\/\/wibortrail.com\/it\/wp-json\/wp\/v2\/pages\/166\/revisions"}],"predecessor-version":[{"id":173,"href":"https:\/\/wibortrail.com\/it\/wp-json\/wp\/v2\/pages\/166\/revisions\/173"}],"wp:attachment":[{"href":"https:\/\/wibortrail.com\/it\/wp-json\/wp\/v2\/media?parent=166"}],"curies":[{"name":"wp","href":"https:\/\/api.w.org\/{rel}","templated":true}]}}