    {"id":164,"date":"2026-03-04T20:26:45","date_gmt":"2026-03-04T20:26:45","guid":{"rendered":"https:\/\/wibortrail.com\/?page_id=164"},"modified":"2026-03-04T20:26:45","modified_gmt":"2026-03-04T20:26:45","slug":"contact","status":"publish","type":"page","link":"https:\/\/wibortrail.com\/fr\/contact\/","title":{"rendered":"Contact"},"content":{"rendered":"<p>Merci de votre visite <strong>Sentier Wibor<\/strong>Bienvenue sur notre plateforme de r\u00e9f\u00e9rence pour votre \u00e9volution de carri\u00e8re, vos connaissances professionnelles et votre d\u00e9veloppement personnel. Nous vous remercions de votre visite et sommes l\u00e0 pour vous accompagner, vous soutenir et cr\u00e9er des liens avec vous tout au long de votre parcours professionnel.<\/p>\n\n\n\n<h2 class=\"wp-block-heading\">Renseignements g\u00e9n\u00e9raux<\/h2>\n\n\n\n<p>Vous avez une question \u00e0 propos de <strong>Sentier Wibor<\/strong> Ou souhaitez-vous simplement nous contacter\u00a0? \u00c9crivez-nous \u00e0 <strong>contact@wibortrail.com<\/strong><\/p>\n\n\n\n<p>Nous aimons recevoir des nouvelles de notre communaut\u00e9 et nous vous r\u00e9pondrons dans les plus brefs d\u00e9lais.<\/p>\n\n\n\n<h2 class=\"wp-block-heading\">Suggestions et contributions de contenu<\/h2>\n\n\n\n<p>Vous avez une id\u00e9e de sujet pour un nouvel article\u00a0? Vous souhaitez partager votre exp\u00e9rience ou sugg\u00e9rer un th\u00e8me li\u00e9 au r\u00e9seautage, \u00e0 la productivit\u00e9, \u00e0 l\u2019\u00e9tat d\u2019esprit ou au d\u00e9veloppement professionnel\u00a0? Contactez-nous\u00a0! <strong>contact@wibortrail.com<\/strong><\/p>\n\n\n\n<p>Nous sommes toujours ouverts aux nouvelles perspectives qui aident les professionnels \u00e0 \u00e9voluer, \u00e0 nouer des contacts et \u00e0 r\u00e9ussir dans leur carri\u00e8re.<\/p>\n\n\n\n<h2 class=\"wp-block-heading\">Assistance technique<\/h2>\n\n\n\n<p>Si vous rencontrez des probl\u00e8mes avec notre site web ou si vous avez besoin d&#039;aide pour acc\u00e9der aux articles ou aux fonctionnalit\u00e9s, n&#039;h\u00e9sitez pas \u00e0 nous contacter. <strong>contact@wibortrail.com<\/strong><\/p>\n\n\n\n<p>Nous nous engageons \u00e0 rendre votre exp\u00e9rience avec <strong>Sentier Wibor<\/strong> fluide et fiable.<\/p>\n\n\n\n<h2 class=\"wp-block-heading\">Restez connect\u00e9s<\/h2>\n\n\n\n<p><strong>Sentier Wibor<\/strong> est une plateforme num\u00e9rique con\u00e7ue pour les professionnels et les apprenants du monde entier. Bien que nous n&#039;ayons pas de bureau physique, nous sommes toujours en ligne, pr\u00eats \u00e0 interagir, \u00e0 aider et \u00e0 \u00e9voluer avec nos lecteurs.<\/p>\n\n\n\n<p>Merci d&#039;avoir fait partie de la <strong>Sentier Wibor<\/strong> Nous avons h\u00e2te d&#039;avoir de vos nouvelles !<\/p>\n\n\n\n<p>Cordialement,<br><strong>L&#039;\u00e9quipe WiborTrail<\/strong><\/p>","protected":false},"excerpt":{"rendered":"<p>Thank you for visiting WiborTrail, your go-to platform for career growth, professional insights, and personal development. We truly appreciate your visit and are here to guide, support, and connect with you on your professional journey. General Inquiries Have a question about WiborTrail or simply want to reach out? Email us at contact@wibortrail.com We love hearing [&hellip;]<\/p>","protected":false},"author":50,"featured_media":0,"parent":0,"menu_order":0,"comment_status":"closed","ping_status":"closed","template":"","meta":{"footnotes":""},"_links":{"self":[{"href":"https:\/\/wibortrail.com\/fr\/wp-json\/wp\/v2\/pages\/164"}],"collection":[{"href":"https:\/\/wibortrail.com\/fr\/wp-json\/wp\/v2\/pages"}],"about":[{"href":"https:\/\/wibortrail.com\/fr\/wp-json\/wp\/v2\/types\/page"}],"author":[{"embeddable":true,"href":"https:\/\/wibortrail.com\/fr\/wp-json\/wp\/v2\/users\/50"}],"replies":[{"embeddable":true,"href":"https:\/\/wibortrail.com\/fr\/wp-json\/wp\/v2\/comments?post=164"}],"version-history":[{"count":1,"href":"https:\/\/wibortrail.com\/fr\/wp-json\/wp\/v2\/pages\/164\/revisions"}],"predecessor-version":[{"id":165,"href":"https:\/\/wibortrail.com\/fr\/wp-json\/wp\/v2\/pages\/164\/revisions\/165"}],"wp:attachment":[{"href":"https:\/\/wibortrail.com\/fr\/wp-json\/wp\/v2\/media?parent=164"}],"curies":[{"name":"wp","href":"https:\/\/api.w.org\/{rel}","templated":true}]}}